{"id":10,"date":"2020-05-08T13:46:50","date_gmt":"2020-05-08T13:46:50","guid":{"rendered":"http:\/\/localhost\/thiago-bruno\/?page_id=10"},"modified":"2020-06-04T14:26:55","modified_gmt":"2020-06-04T14:26:55","slug":"especialidades","status":"publish","type":"page","link":"https:\/\/drthiagobruno.com.br\/index.php\/especialidades\/","title":{"rendered":"Especialidades"},"content":{"rendered":"\n<p><strong>Urologista<\/strong> \u00e9 o m\u00e9dico com forma\u00e7\u00e3o em cirurgia geral e especializado em urologia por meio de resid\u00eancia m\u00e9dica. <strong>Trata das doen\u00e7as do sistema urin\u00e1rio das mulheres e dos homens, e do aparelho genital masculino.<\/strong> Portanto, mulheres, homens, crian\u00e7as e idosos s\u00e3o pass\u00edveis da aten\u00e7\u00e3o e dos cuidados m\u00e9dicos pelo urologista. <\/p>\n\n\n\n<p>A <strong>urologia<\/strong> \u00e9 uma especialidade cl\u00ednica e cir\u00fargica, na qual o cirurgi\u00e3o realiza procedimentos nos rins e adrenais, bexiga, pr\u00f3stata, test\u00edculo e p\u00eanis. Mas tamb\u00e9m orienta como prevenir doen\u00e7as nesses \u00f3rg\u00e3os.<\/p>\n\n\n\n<div style=\"height:40px\" aria-hidden=\"true\" class=\"wp-block-spacer\"><\/div>\n\n\n\n<div class=\"wp-block-media-text alignwide has-media-on-the-right is-stacked-on-mobile is-vertically-aligned-top\" style=\"grid-template-columns:auto 31%\"><figure class=\"wp-block-media-text__media\"><img loading=\"lazy\" decoding=\"async\" width=\"300\" height=\"300\" src=\"https:\/\/drthiagobruno.com.br\/wp-content\/uploads\/2020\/05\/rins-e-adrenais-Urologia-dr-thiago-Bruno.jpg\" alt=\"\" class=\"wp-image-160\" srcset=\"https:\/\/drthiagobruno.com.br\/wp-content\/uploads\/2020\/05\/rins-e-adrenais-Urologia-dr-thiago-Bruno.jpg 300w, https:\/\/drthiagobruno.com.br\/wp-content\/uploads\/2020\/05\/rins-e-adrenais-Urologia-dr-thiago-Bruno-150x150.jpg 150w\" sizes=\"(max-width: 300px) 100vw, 300px\" \/><\/figure><div class=\"wp-block-media-text__content\">\n<h3 class=\"wp-block-heading\"><strong><code id=\"rins\">Rins<\/code> e Adrenais<\/strong><\/h3>\n\n\n\n<ul><li><code id=\"pedrasnosrins\">C\u00e1lculos urin\u00e1rios (pedras nos rins)<\/code>;<\/li><li><code id=\"cancerderim\">C\u00e2ncer de rim e uroteliais<\/code>;<\/li><li>Tumores nas gl\u00e2ndulas supra renais (adrenais);<\/li><li>Estenoses de JUP;<\/li><li><code id=\"infeccoesrenais\">Infec\u00e7\u00f5es renais<\/code>.<\/li><\/ul>\n\n\n\n<p><\/p>\n<\/div><\/div>\n\n\n\n<div style=\"height:40px\" aria-hidden=\"true\" class=\"wp-block-spacer\"><\/div>\n\n\n\n<div class=\"wp-block-media-text alignwide is-stacked-on-mobile is-vertically-aligned-top custom_row\" style=\"grid-template-columns:31% auto\"><figure class=\"wp-block-media-text__media\"><img loading=\"lazy\" decoding=\"async\" width=\"300\" height=\"300\" src=\"https:\/\/drthiagobruno.com.br\/wp-content\/uploads\/2020\/05\/Prostata-2-Urologia-dr-thiago-Bruno.jpg\" alt=\"\" class=\"wp-image-159\" srcset=\"https:\/\/drthiagobruno.com.br\/wp-content\/uploads\/2020\/05\/Prostata-2-Urologia-dr-thiago-Bruno.jpg 300w, https:\/\/drthiagobruno.com.br\/wp-content\/uploads\/2020\/05\/Prostata-2-Urologia-dr-thiago-Bruno-150x150.jpg 150w\" sizes=\"(max-width: 300px) 100vw, 300px\" \/><\/figure><div class=\"wp-block-media-text__content\">\n<h3 class=\"wp-block-heading\"><strong>Pr\u00f3stata<\/strong><\/h3>\n\n\n\n<ul><li>Crescimento benigno da pr\u00f3stata;<\/li><li><code id=\"cancerdeprostata\">C\u00e2ncer de&nbsp;pr\u00f3stata<\/code>;<\/li><li>Infec\u00e7\u00f5es.<\/li><\/ul>\n\n\n\n<p><\/p>\n<\/div><\/div>\n\n\n\n<div style=\"height:40px\" aria-hidden=\"true\" class=\"wp-block-spacer\"><\/div>\n\n\n\n<div class=\"wp-block-media-text alignwide has-media-on-the-right is-stacked-on-mobile is-vertically-aligned-top\" style=\"grid-template-columns:auto 31%\"><figure class=\"wp-block-media-text__media\"><img loading=\"lazy\" decoding=\"async\" width=\"935\" height=\"935\" src=\"https:\/\/drthiagobruno.com.br\/wp-content\/uploads\/2020\/05\/penis-e-testiculos-Urologia-dr-thiago-Bruno.jpg\" alt=\"\" class=\"wp-image-157\" srcset=\"https:\/\/drthiagobruno.com.br\/wp-content\/uploads\/2020\/05\/penis-e-testiculos-Urologia-dr-thiago-Bruno.jpg 935w, https:\/\/drthiagobruno.com.br\/wp-content\/uploads\/2020\/05\/penis-e-testiculos-Urologia-dr-thiago-Bruno-300x300.jpg 300w, https:\/\/drthiagobruno.com.br\/wp-content\/uploads\/2020\/05\/penis-e-testiculos-Urologia-dr-thiago-Bruno-150x150.jpg 150w, https:\/\/drthiagobruno.com.br\/wp-content\/uploads\/2020\/05\/penis-e-testiculos-Urologia-dr-thiago-Bruno-768x768.jpg 768w\" sizes=\"(max-width: 935px) 100vw, 935px\" \/><\/figure><div class=\"wp-block-media-text__content\">\n<h3 class=\"wp-block-heading\"><strong>P\u00eanis e test\u00edculos<\/strong><\/h3>\n\n\n\n<ul><li><code id=\"fimose\">Fimose<\/code>;<\/li><li><code id=\"dst\">Doen\u00e7as sexualmente transmiss\u00edveis<\/code>;<\/li><li><code id=\"problemaserecao\">Disfun\u00e7\u00e3o er\u00e9til (problemas de ere\u00e7\u00e3o)<\/code>;<\/li><li><code id=\"ejaculacaoprecoce\">Ejacula\u00e7\u00e3o precoce<\/code>;<\/li><li><code id=\"infertilidade\">Infertilidad<\/code>e;<\/li><li>Varicocele (varizes no test\u00edculo);<\/li><li>Hidrocele;<\/li><li><code id=\"vasectomia\">Planejamento familiar (Vasectomia \u2013 esteriliza\u00e7\u00e3o masculina)<\/code>;<\/li><li><code id=\"cancerdepenis\">C\u00e2ncer de p\u00eanis<\/code>;<\/li><li><code id=\"cancerdetesticulo\">C\u00e2ncer de test\u00edculo<\/code>.<\/li><\/ul>\n\n\n\n<p><\/p>\n<\/div><\/div>\n\n\n\n<div style=\"height:30px\" aria-hidden=\"true\" class=\"wp-block-spacer\"><\/div>\n\n\n\n<div class=\"wp-block-media-text alignwide is-stacked-on-mobile is-vertically-aligned-top custom_row\" style=\"grid-template-columns:31% auto\"><figure class=\"wp-block-media-text__media\"><img loading=\"lazy\" decoding=\"async\" width=\"300\" height=\"300\" src=\"https:\/\/drthiagobruno.com.br\/wp-content\/uploads\/2020\/05\/bexiga-Urologia-dr-thiago-Bruno.jpg\" alt=\"\" class=\"wp-image-156\" srcset=\"https:\/\/drthiagobruno.com.br\/wp-content\/uploads\/2020\/05\/bexiga-Urologia-dr-thiago-Bruno.jpg 300w, https:\/\/drthiagobruno.com.br\/wp-content\/uploads\/2020\/05\/bexiga-Urologia-dr-thiago-Bruno-150x150.jpg 150w\" sizes=\"(max-width: 300px) 100vw, 300px\" \/><\/figure><div class=\"wp-block-media-text__content\">\n<h3 class=\"wp-block-heading\"><strong>Bexiga<\/strong><\/h3>\n\n\n\n<ul><li>Cistites;<\/li><li><code id=\"bexigahiperativa\">Bexiga hiperativa<\/code>;<\/li><li><code id=\"bexiganeurogenica\">Bexiga neurog\u00eanica<\/code>;<\/li><li><code id=\"bexigadolorosa\">Bexiga dolorosa<\/code>;<\/li><li><code id=\"incontinenciaurinaria\">Incontin\u00eancia urin\u00e1ria<\/code>;<\/li><li>C\u00e1lculos na bexiga;<\/li><li><code id=\"cancerdebexiga\">C\u00e2ncer de bexiga<\/code>;<\/li><li><code id=\"infeccaourinaria\">Infec\u00e7\u00f5es<\/code>.<\/li><\/ul>\n\n\n\n<p><\/p>\n<\/div><\/div>\n","protected":false},"excerpt":{"rendered":"<p>Urologista \u00e9 o m\u00e9dico com forma\u00e7\u00e3o em cirurgia geral e especializado em urologia por meio de resid\u00eancia m\u00e9dica. Trata das doen\u00e7as do sistema urin\u00e1rio das mulheres e dos homens, e do aparelho genital masculino. Portanto, mulheres, homens, crian\u00e7as e idosos s\u00e3o pass\u00edveis da aten\u00e7\u00e3o e dos cuidados m\u00e9dicos pelo urologista. A urologia \u00e9 uma especialidade [&hellip;]<\/p>\n","protected":false},"author":1,"featured_media":0,"parent":0,"menu_order":0,"comment_status":"closed","ping_status":"closed","template":"","meta":{"_acf_changed":false,"_exactmetrics_skip_tracking":false,"_exactmetrics_sitenote_active":false,"_exactmetrics_sitenote_note":"","_exactmetrics_sitenote_category":0,"footnotes":""},"acf":[],"yoast_head":"<!-- This site is optimized with the Yoast SEO plugin v23.5 - https:\/\/yoast.com\/wordpress\/plugins\/seo\/ -->\n<title>Especialidades - Dr. Thiago Bruno | Urologista - Urologia - Natal\/RN<\/title>\n<meta name=\"robots\" content=\"index, follow, max-snippet:-1, max-image-preview:large, max-video-preview:-1\" \/>\n<link rel=\"canonical\" href=\"https:\/\/drthiagobruno.com.br\/index.php\/especialidades\/\" \/>\n<meta property=\"og:locale\" content=\"pt_BR\" \/>\n<meta property=\"og:type\" content=\"article\" \/>\n<meta property=\"og:title\" content=\"Especialidades - Dr. Thiago Bruno | Urologista - Urologia - Natal\/RN\" \/>\n<meta property=\"og:description\" content=\"Urologista \u00e9 o m\u00e9dico com forma\u00e7\u00e3o em cirurgia geral e especializado em urologia por meio de resid\u00eancia m\u00e9dica. Trata das doen\u00e7as do sistema urin\u00e1rio das mulheres e dos homens, e do aparelho genital masculino. Portanto, mulheres, homens, crian\u00e7as e idosos s\u00e3o pass\u00edveis da aten\u00e7\u00e3o e dos cuidados m\u00e9dicos pelo urologista. A urologia \u00e9 uma especialidade [&hellip;]\" \/>\n<meta property=\"og:url\" content=\"https:\/\/drthiagobruno.com.br\/index.php\/especialidades\/\" \/>\n<meta property=\"og:site_name\" content=\"Dr. Thiago Bruno | Urologista - Urologia - Natal\/RN\" \/>\n<meta property=\"article:modified_time\" content=\"2020-06-04T14:26:55+00:00\" \/>\n<meta property=\"og:image\" content=\"https:\/\/drthiagobruno.com.br\/wp-content\/uploads\/2020\/05\/rins-e-adrenais-Urologia-dr-thiago-Bruno.jpg\" \/>\n<meta name=\"twitter:card\" content=\"summary_large_image\" \/>\n<meta name=\"twitter:label1\" content=\"Est. tempo de leitura\" \/>\n\t<meta name=\"twitter:data1\" content=\"1 minuto\" \/>\n<script type=\"application\/ld+json\" class=\"yoast-schema-graph\">{\"@context\":\"https:\/\/schema.org\",\"@graph\":[{\"@type\":\"WebPage\",\"@id\":\"https:\/\/drthiagobruno.com.br\/index.php\/especialidades\/\",\"url\":\"https:\/\/drthiagobruno.com.br\/index.php\/especialidades\/\",\"name\":\"Especialidades - Dr. Thiago Bruno | Urologista - Urologia - Natal\/RN\",\"isPartOf\":{\"@id\":\"https:\/\/drthiagobruno.com.br\/#website\"},\"primaryImageOfPage\":{\"@id\":\"https:\/\/drthiagobruno.com.br\/index.php\/especialidades\/#primaryimage\"},\"image\":{\"@id\":\"https:\/\/drthiagobruno.com.br\/index.php\/especialidades\/#primaryimage\"},\"thumbnailUrl\":\"https:\/\/drthiagobruno.com.br\/wp-content\/uploads\/2020\/05\/rins-e-adrenais-Urologia-dr-thiago-Bruno.jpg\",\"datePublished\":\"2020-05-08T13:46:50+00:00\",\"dateModified\":\"2020-06-04T14:26:55+00:00\",\"breadcrumb\":{\"@id\":\"https:\/\/drthiagobruno.com.br\/index.php\/especialidades\/#breadcrumb\"},\"inLanguage\":\"pt-BR\",\"potentialAction\":[{\"@type\":\"ReadAction\",\"target\":[\"https:\/\/drthiagobruno.com.br\/index.php\/especialidades\/\"]}]},{\"@type\":\"ImageObject\",\"inLanguage\":\"pt-BR\",\"@id\":\"https:\/\/drthiagobruno.com.br\/index.php\/especialidades\/#primaryimage\",\"url\":\"https:\/\/drthiagobruno.com.br\/wp-content\/uploads\/2020\/05\/rins-e-adrenais-Urologia-dr-thiago-Bruno.jpg\",\"contentUrl\":\"https:\/\/drthiagobruno.com.br\/wp-content\/uploads\/2020\/05\/rins-e-adrenais-Urologia-dr-thiago-Bruno.jpg\",\"width\":300,\"height\":300},{\"@type\":\"BreadcrumbList\",\"@id\":\"https:\/\/drthiagobruno.com.br\/index.php\/especialidades\/#breadcrumb\",\"itemListElement\":[{\"@type\":\"ListItem\",\"position\":1,\"name\":\"In\u00edcio\",\"item\":\"https:\/\/drthiagobruno.com.br\/\"},{\"@type\":\"ListItem\",\"position\":2,\"name\":\"Especialidades\"}]},{\"@type\":\"WebSite\",\"@id\":\"https:\/\/drthiagobruno.com.br\/#website\",\"url\":\"https:\/\/drthiagobruno.com.br\/\",\"name\":\"Dr. Thiago Bruno | Urologista - Urologia - Natal\/RN\",\"description\":\"Urologia - Consulta e tratamento para Rins e Adrenais, Pr\u00f3stata, P\u00eanis e test\u00edculos, bexiga\",\"potentialAction\":[{\"@type\":\"SearchAction\",\"target\":{\"@type\":\"EntryPoint\",\"urlTemplate\":\"https:\/\/drthiagobruno.com.br\/?s={search_term_string}\"},\"query-input\":{\"@type\":\"PropertyValueSpecification\",\"valueRequired\":true,\"valueName\":\"search_term_string\"}}],\"inLanguage\":\"pt-BR\"}]}<\/script>\n<!-- \/ Yoast SEO plugin. -->","yoast_head_json":{"title":"Especialidades - Dr. Thiago Bruno | Urologista - Urologia - Natal\/RN","robots":{"index":"index","follow":"follow","max-snippet":"max-snippet:-1","max-image-preview":"max-image-preview:large","max-video-preview":"max-video-preview:-1"},"canonical":"https:\/\/drthiagobruno.com.br\/index.php\/especialidades\/","og_locale":"pt_BR","og_type":"article","og_title":"Especialidades - Dr. Thiago Bruno | Urologista - Urologia - Natal\/RN","og_description":"Urologista \u00e9 o m\u00e9dico com forma\u00e7\u00e3o em cirurgia geral e especializado em urologia por meio de resid\u00eancia m\u00e9dica. Trata das doen\u00e7as do sistema urin\u00e1rio das mulheres e dos homens, e do aparelho genital masculino. Portanto, mulheres, homens, crian\u00e7as e idosos s\u00e3o pass\u00edveis da aten\u00e7\u00e3o e dos cuidados m\u00e9dicos pelo urologista. A urologia \u00e9 uma especialidade [&hellip;]","og_url":"https:\/\/drthiagobruno.com.br\/index.php\/especialidades\/","og_site_name":"Dr. Thiago Bruno | Urologista - Urologia - Natal\/RN","article_modified_time":"2020-06-04T14:26:55+00:00","og_image":[{"url":"https:\/\/drthiagobruno.com.br\/wp-content\/uploads\/2020\/05\/rins-e-adrenais-Urologia-dr-thiago-Bruno.jpg"}],"twitter_card":"summary_large_image","twitter_misc":{"Est. tempo de leitura":"1 minuto"},"schema":{"@context":"https:\/\/schema.org","@graph":[{"@type":"WebPage","@id":"https:\/\/drthiagobruno.com.br\/index.php\/especialidades\/","url":"https:\/\/drthiagobruno.com.br\/index.php\/especialidades\/","name":"Especialidades - Dr. Thiago Bruno | Urologista - Urologia - Natal\/RN","isPartOf":{"@id":"https:\/\/drthiagobruno.com.br\/#website"},"primaryImageOfPage":{"@id":"https:\/\/drthiagobruno.com.br\/index.php\/especialidades\/#primaryimage"},"image":{"@id":"https:\/\/drthiagobruno.com.br\/index.php\/especialidades\/#primaryimage"},"thumbnailUrl":"https:\/\/drthiagobruno.com.br\/wp-content\/uploads\/2020\/05\/rins-e-adrenais-Urologia-dr-thiago-Bruno.jpg","datePublished":"2020-05-08T13:46:50+00:00","dateModified":"2020-06-04T14:26:55+00:00","breadcrumb":{"@id":"https:\/\/drthiagobruno.com.br\/index.php\/especialidades\/#breadcrumb"},"inLanguage":"pt-BR","potentialAction":[{"@type":"ReadAction","target":["https:\/\/drthiagobruno.com.br\/index.php\/especialidades\/"]}]},{"@type":"ImageObject","inLanguage":"pt-BR","@id":"https:\/\/drthiagobruno.com.br\/index.php\/especialidades\/#primaryimage","url":"https:\/\/drthiagobruno.com.br\/wp-content\/uploads\/2020\/05\/rins-e-adrenais-Urologia-dr-thiago-Bruno.jpg","contentUrl":"https:\/\/drthiagobruno.com.br\/wp-content\/uploads\/2020\/05\/rins-e-adrenais-Urologia-dr-thiago-Bruno.jpg","width":300,"height":300},{"@type":"BreadcrumbList","@id":"https:\/\/drthiagobruno.com.br\/index.php\/especialidades\/#breadcrumb","itemListElement":[{"@type":"ListItem","position":1,"name":"In\u00edcio","item":"https:\/\/drthiagobruno.com.br\/"},{"@type":"ListItem","position":2,"name":"Especialidades"}]},{"@type":"WebSite","@id":"https:\/\/drthiagobruno.com.br\/#website","url":"https:\/\/drthiagobruno.com.br\/","name":"Dr. Thiago Bruno | Urologista - Urologia - Natal\/RN","description":"Urologia - Consulta e tratamento para Rins e Adrenais, Pr\u00f3stata, P\u00eanis e test\u00edculos, bexiga","potentialAction":[{"@type":"SearchAction","target":{"@type":"EntryPoint","urlTemplate":"https:\/\/drthiagobruno.com.br\/?s={search_term_string}"},"query-input":{"@type":"PropertyValueSpecification","valueRequired":true,"valueName":"search_term_string"}}],"inLanguage":"pt-BR"}]}},"_links":{"self":[{"href":"https:\/\/drthiagobruno.com.br\/index.php\/wp-json\/wp\/v2\/pages\/10"}],"collection":[{"href":"https:\/\/drthiagobruno.com.br\/index.php\/wp-json\/wp\/v2\/pages"}],"about":[{"href":"https:\/\/drthiagobruno.com.br\/index.php\/wp-json\/wp\/v2\/types\/page"}],"author":[{"embeddable":true,"href":"https:\/\/drthiagobruno.com.br\/index.php\/wp-json\/wp\/v2\/users\/1"}],"replies":[{"embeddable":true,"href":"https:\/\/drthiagobruno.com.br\/index.php\/wp-json\/wp\/v2\/comments?post=10"}],"version-history":[{"count":49,"href":"https:\/\/drthiagobruno.com.br\/index.php\/wp-json\/wp\/v2\/pages\/10\/revisions"}],"predecessor-version":[{"id":274,"href":"https:\/\/drthiagobruno.com.br\/index.php\/wp-json\/wp\/v2\/pages\/10\/revisions\/274"}],"wp:attachment":[{"href":"https:\/\/drthiagobruno.com.br\/index.php\/wp-json\/wp\/v2\/media?parent=10"}],"curies":[{"name":"wp","href":"https:\/\/api.w.org\/{rel}","templated":true}]}}